{"id":67201,"date":"2024-02-09T07:18:44","date_gmt":"2024-02-09T11:18:44","guid":{"rendered":"https:\/\/playadoradagolf.com\/testimonials\/"},"modified":"2025-01-23T20:58:40","modified_gmt":"2025-01-24T00:58:40","slug":"testimonials","status":"publish","type":"page","link":"https:\/\/playadoradagolf.com\/en\/testimonials\/","title":{"rendered":"Testimonials"},"content":{"rendered":"\t\t<div data-elementor-type=\"wp-page\" data-elementor-id=\"67201\" class=\"elementor elementor-67201 elementor-38955\">\n\t\t\t\t<div data-particle_enable=\"false\" data-particle-mobile-disabled=\"false\" class=\"elementor-element elementor-element-946f6ec e-flex e-con-boxed e-con e-parent\" data-id=\"946f6ec\" data-element_type=\"container\" data-e-type=\"container\" data-settings=\"{&quot;background_background&quot;:&quot;classic&quot;}\">\n\t\t\t\t\t<div class=\"e-con-inner\">\n\t\t<div data-particle_enable=\"false\" data-particle-mobile-disabled=\"false\" class=\"elementor-element elementor-element-61886fc e-con-full e-flex e-con e-child\" data-id=\"61886fc\" data-element_type=\"container\" data-e-type=\"container\" data-settings=\"{&quot;background_background&quot;:&quot;classic&quot;}\">\n\t\t<div data-particle_enable=\"false\" data-particle-mobile-disabled=\"false\" class=\"elementor-element elementor-element-5b0e715 e-con-full e-flex e-con e-child\" data-id=\"5b0e715\" data-element_type=\"container\" data-e-type=\"container\">\n\t\t<div data-particle_enable=\"false\" data-particle-mobile-disabled=\"false\" class=\"elementor-element elementor-element-1562465 e-flex e-con-boxed e-con e-child\" data-id=\"1562465\" data-element_type=\"container\" data-e-type=\"container\" data-settings=\"{&quot;background_background&quot;:&quot;classic&quot;}\">\n\t\t\t\t\t<div class=\"e-con-inner\">\n\t\t\t\t\t<\/div>\n\t\t\t\t<\/div>\n\t\t\t\t<\/div>\n\t\t<div data-particle_enable=\"false\" data-particle-mobile-disabled=\"false\" class=\"elementor-element elementor-element-35ee9b6 e-con-full e-flex e-con e-child\" data-id=\"35ee9b6\" data-element_type=\"container\" data-e-type=\"container\">\n\t\t\t\t<div class=\"elementor-element elementor-element-b64f870 elementor-invisible elementor-widget elementor-widget-ceatestimonial\" data-id=\"b64f870\" data-element_type=\"widget\" data-e-type=\"widget\" data-settings=\"{&quot;_animation&quot;:&quot;fadeInUp&quot;}\" data-widget_type=\"ceatestimonial.default\">\n\t\t\t\t\n\t\t<div class=\"elementor-widget-container testimonial-wrapper testimonial-style-default testimonial-light testimonial-normal-model image-gallery\">\n\t\t\n\t\t\t<div class=\"row\"><div class=\"col-lg-12 col-md-12\" ><div class=\"testimonial-inner\"><div class=\"post-excerpt\">The course was in good condition, a little damp in places, but that is typical for the time of year we traveled. The caddies are great as always.<\/div><!-- .post-excerpt --><div class=\"post-thumb\"><a href=\"https:\/\/playadoradagolf.com\/en\/testimonio\/crystal-d\/\" class=\"post-image-link\"><img decoding=\"async\" src=\"https:\/\/playadoradagolf.com\/wp-content\/uploads\/elementor\/thumbs\/testi-2-1-1-qp4ammdfsiky406rzsgia98c2ax79dww1of06osykk.jpg\" title=\"testi-2\" alt=\"\" class=\"img-fluid rounded-circle\" \/><\/a><\/div><!-- .post-thumb --><h4 class=\"post-title-head\"><a href=\"https:\/\/playadoradagolf.com\/en\/testimonio\/crystal-d\/\" class=\"client-name post-title\">Crystal D<\/a><\/h4><div class=\"top-meta clearfix\"><ul class=\"nav top-meta-list meta-left\"><li><div class=\"testimonial-designation\"><div class=\"post-designation-head\">Golf Service<\/div><\/div><!-- .testimonial-designation --><\/li><\/ul><\/div><\/div><!-- .testimonial-inner --><\/div><!-- .col \/ .owl-carousel-item \/ .isotope --><\/div><!-- .row --><div class=\"row\"><div class=\"col-lg-12 col-md-12\" ><div class=\"testimonial-inner\"><div class=\"post-excerpt\">Excellent course, the greens are in very good condition and the fairways are well maintained. I recommend Maximo, the caddie, who knows the course well and is very polite.<\/div><!-- .post-excerpt --><div class=\"post-thumb\"><a href=\"https:\/\/playadoradagolf.com\/en\/testimonio\/eudaxmn\/\" class=\"post-image-link\"><img decoding=\"async\" src=\"https:\/\/playadoradagolf.com\/wp-content\/uploads\/elementor\/thumbs\/testi-3-1-1-qp4ammdfsiky406rzsgia98c2ax79dww1of06osykk.jpg\" title=\"testi-3\" alt=\"\" class=\"img-fluid rounded-circle img-fluid rounded-circle\" \/><\/a><\/div><!-- .post-thumb --><h4 class=\"post-title-head\"><a href=\"https:\/\/playadoradagolf.com\/en\/testimonio\/eudaxmn\/\" class=\"client-name post-title\">Eudaxmn<\/a><\/h4><div class=\"top-meta clearfix\"><ul class=\"nav top-meta-list meta-left\"><li><div class=\"testimonial-designation\"><div class=\"post-designation-head\">Pro Golf Chemp<\/div><\/div><!-- .testimonial-designation --><\/li><\/ul><\/div><\/div><!-- .testimonial-inner --><\/div><!-- .col \/ .owl-carousel-item \/ .isotope --><\/div><!-- .row --><div class=\"row\"><div class=\"col-lg-12 col-md-12\" ><div class=\"testimonial-inner\"><div class=\"post-excerpt\">The course has qualified for the PGA Latin American Tour and has a three-year contract. The greens are much better and the course is challenging. The clubhouse is very nice and the menu offers good choices.<\/div><!-- .post-excerpt --><div class=\"post-thumb\"><a href=\"https:\/\/playadoradagolf.com\/en\/testimonio\/john-j\/\" class=\"post-image-link\"><img decoding=\"async\" src=\"https:\/\/playadoradagolf.com\/wp-content\/uploads\/elementor\/thumbs\/testi-1-1-1-qp4ammdfsiky406rzsgia98c2ax79dww1of06osykk.jpg\" title=\"testi-1\" alt=\"\" class=\"img-fluid rounded-circle img-fluid rounded-circle img-fluid rounded-circle\" \/><\/a><\/div><!-- .post-thumb --><h4 class=\"post-title-head\"><a href=\"https:\/\/playadoradagolf.com\/en\/testimonio\/john-j\/\" class=\"client-name post-title\">John J<\/a><\/h4><div class=\"top-meta clearfix\"><ul class=\"nav top-meta-list meta-left\"><li><div class=\"testimonial-designation\"><div class=\"post-designation-head\">Golf Course<\/div><\/div><!-- .testimonial-designation --><\/li><\/ul><\/div><\/div><!-- .testimonial-inner --><\/div><!-- .col \/ .owl-carousel-item \/ .isotope --><\/div><!-- .row -->\t\t\t\n\t\t<\/div>\n\t\t\t\t<\/div>\n\t\t\t\t<\/div>\n\t\t\t\t<\/div>\n\t\t\t\t\t<\/div>\n\t\t\t\t<\/div>\n\t\t\t\t<\/div>\n\t\t","protected":false},"excerpt":{"rendered":"<p>El campo ha calificado para el PGA Tour Latinoamericano y tiene un contrato de tres a\u00f1os. Los greens est\u00e1n mucho mejor y el campo es desafiante. La casa club es muy agradable y el men\u00fa ofrece buenas opciones. John J Golf Course Excelente campo, los greens est\u00e1n en muy buenas condiciones y los fairways est\u00e1n bien..<\/p>\n","protected":false},"author":2,"featured_media":0,"parent":0,"menu_order":0,"comment_status":"closed","ping_status":"closed","template":"","meta":{"footnotes":""},"class_list":["post-67201","page","type-page","status-publish","hentry"],"_links":{"self":[{"href":"https:\/\/playadoradagolf.com\/en\/wp-json\/wp\/v2\/pages\/67201","targetHints":{"allow":["GET"]}}],"collection":[{"href":"https:\/\/playadoradagolf.com\/en\/wp-json\/wp\/v2\/pages"}],"about":[{"href":"https:\/\/playadoradagolf.com\/en\/wp-json\/wp\/v2\/types\/page"}],"author":[{"embeddable":true,"href":"https:\/\/playadoradagolf.com\/en\/wp-json\/wp\/v2\/users\/2"}],"replies":[{"embeddable":true,"href":"https:\/\/playadoradagolf.com\/en\/wp-json\/wp\/v2\/comments?post=67201"}],"version-history":[{"count":1,"href":"https:\/\/playadoradagolf.com\/en\/wp-json\/wp\/v2\/pages\/67201\/revisions"}],"predecessor-version":[{"id":67202,"href":"https:\/\/playadoradagolf.com\/en\/wp-json\/wp\/v2\/pages\/67201\/revisions\/67202"}],"wp:attachment":[{"href":"https:\/\/playadoradagolf.com\/en\/wp-json\/wp\/v2\/media?parent=67201"}],"curies":[{"name":"wp","href":"https:\/\/api.w.org\/{rel}","templated":true}]}}